{"id":1019,"date":"2021-01-08T10:21:19","date_gmt":"2021-01-08T09:21:19","guid":{"rendered":"https:\/\/www.drfouquesweiss.de\/?page_id=1019"},"modified":"2025-06-18T13:42:50","modified_gmt":"2025-06-18T11:42:50","slug":"aktuelles","status":"publish","type":"page","link":"https:\/\/www.drfouquesweiss.de\/fr\/aktuelles\/","title":{"rendered":"Actualit\u00e9s"},"content":{"rendered":"<h1>Actualit\u00e9s<\/h1>\n<p>Actualit\u00e9s et informations sur des sujets vari\u00e9s<\/p>\n<h2>Activit\u00e9s en tant qu\u00b4\u00e9lue des Fran\u00e7ais de l\u00b4\u00c9tranger<\/h2>\n<p>\t\t\t\t<a href=\"https:\/\/www.assemblee-afe.fr\/elus\/mme-nadine-fouques-weiss\/\" target=\"_blank\" tabindex=\"-1\" rel=\"noopener\"><br \/>\n\t\t\t\t\t\t\t\t<\/a><\/p>\n<h2>\n\t\t\t\t\t\t<a href=\"https:\/\/www.assemblee-afe.fr\/elus\/mme-nadine-fouques-weiss\/\" target=\"_blank\" rel=\"noopener\"><br \/>\n\t\t\t\t\t\t\tActivit\u00e9s en tant que Conseill\u00e8re \u00e9lue de l\u00b4Assembl\u00e9e des Fran\u00e7ais de l\u00b4\u00c9tranger (AFE) pour les Fran\u00e7ais d\u00b4Allemagne, d\u00b4Autriche, de la Slov\u00e9nie, de la Slovaquie et de la Suisse\t\t\t\t\t\t<\/a><br \/>\n\t\t\t\t\t<\/h2>\n<p>\t\t\t\t<a href=\"https:\/\/www.drfouquesweiss.fr\/\" target=\"_blank\" tabindex=\"-1\" rel=\"noopener\"><br \/>\n\t\t\t\t\t\t\t\t<\/a><\/p>\n<h2>\n\t\t\t\t\t\t<a href=\"https:\/\/www.drfouquesweiss.fr\/\" target=\"_blank\" rel=\"noopener\"><br \/>\n\t\t\t\t\t\t\tConseill\u00e8re \u00e9lue des Fran\u00e7ais de l\u00b4\u00c9tranger pour l\u00b4Allemagne du sud ( Bade-Wurtemberg et Bavi\u00e8re)\t\t\t\t\t\t<\/a><br \/>\n\t\t\t\t\t<\/h2>\n<\/p>\n<h2>Th\u00e8mes m\u00e9dicaux<\/h2>\n<p>\t\t\t\t<a href=\"https:\/\/www.facebook.com\/Docteur-Nadine-Fouques-Weiss-%C3%A0-votre-%C3%A9coute-107565374200934\/\" target=\"_blank\" tabindex=\"-1\" rel=\"noopener\"><br \/>\n\t\t\t\t\t\t\t\t<\/a><\/p>\n<h2>\n\t\t\t\t\t\t<a href=\"https:\/\/www.facebook.com\/Docteur-Nadine-Fouques-Weiss-%C3%A0-votre-%C3%A9coute-107565374200934\/\" target=\"_blank\" rel=\"noopener\"><br \/>\n\t\t\t\t\t\t\tVous trouverez ici des actualit\u00e9s m\u00e9dicales sur diff\u00e9rents sujets\t\t\t\t\t\t<\/a><br \/>\n\t\t\t\t\t<\/h2>\n","protected":false},"excerpt":{"rendered":"<p>Actualit\u00e9s Actualit\u00e9s et informations sur des sujets vari\u00e9s Activit\u00e9s en tant qu\u00b4\u00e9lue des Fran\u00e7ais de l\u00b4\u00c9tranger Activit\u00e9s en tant que Conseill\u00e8re \u00e9lue de l\u00b4Assembl\u00e9e des Fran\u00e7ais de l\u00b4\u00c9tranger (AFE) pour les Fran\u00e7ais d\u00b4Allemagne, d\u00b4Autriche, de la Slov\u00e9nie, de la Slovaquie et de la Suisse Conseill\u00e8re \u00e9lue des Fran\u00e7ais de l\u00b4\u00c9tranger pour l\u00b4Allemagne du sud ( &hellip; <\/p>\n<p class=\"link-more\"><a href=\"https:\/\/www.drfouquesweiss.de\/fr\/aktuelles\/\" class=\"more-link\">Continue reading<span class=\"screen-reader-text\"> &#8220;Actualit\u00e9s&#8221;<\/span><\/a><\/p>\n","protected":false},"author":3,"featured_media":0,"parent":0,"menu_order":0,"comment_status":"closed","ping_status":"closed","template":"","meta":{"footnotes":""},"translation":{"provider":"WPGlobus","version":"2.12.2","language":"fr","enabled_languages":["de","fr"],"languages":{"de":{"title":true,"content":true,"excerpt":false},"fr":{"title":true,"content":true,"excerpt":false}}},"_links":{"self":[{"href":"https:\/\/www.drfouquesweiss.de\/fr\/wp-json\/wp\/v2\/pages\/1019"}],"collection":[{"href":"https:\/\/www.drfouquesweiss.de\/fr\/wp-json\/wp\/v2\/pages"}],"about":[{"href":"https:\/\/www.drfouquesweiss.de\/fr\/wp-json\/wp\/v2\/types\/page"}],"author":[{"embeddable":true,"href":"https:\/\/www.drfouquesweiss.de\/fr\/wp-json\/wp\/v2\/users\/3"}],"replies":[{"embeddable":true,"href":"https:\/\/www.drfouquesweiss.de\/fr\/wp-json\/wp\/v2\/comments?post=1019"}],"version-history":[{"count":122,"href":"https:\/\/www.drfouquesweiss.de\/fr\/wp-json\/wp\/v2\/pages\/1019\/revisions"}],"predecessor-version":[{"id":2579,"href":"https:\/\/www.drfouquesweiss.de\/fr\/wp-json\/wp\/v2\/pages\/1019\/revisions\/2579"}],"wp:attachment":[{"href":"https:\/\/www.drfouquesweiss.de\/fr\/wp-json\/wp\/v2\/media?parent=1019"}],"curies":[{"name":"wp","href":"https:\/\/api.w.org\/{rel}","templated":true}]}}