{"id":118,"date":"2020-11-23T14:23:39","date_gmt":"2020-11-23T13:23:39","guid":{"rendered":"https:\/\/www.drfouquesweiss.de\/?page_id=118"},"modified":"2024-06-28T15:06:01","modified_gmt":"2024-06-28T13:06:01","slug":"impressum","status":"publish","type":"page","link":"https:\/\/www.drfouquesweiss.de\/fr\/impressum\/","title":{"rendered":"Mentions l\u00e9gales"},"content":{"rendered":"<h2>Website-Betreibern<\/h2>\n<p>Dr. Nadine Fouques-Weiss<\/p>\n<p>Adresse: Hauptstra\u00dfe 58, 79104 Freiburg im Br., Deutschland<\/p>\n<p><a href=\"tel:+4915123047326\">+49 (0)151 23 04 73 26<\/a><br \/><a href=\"tel:+4916090223790\">+49 (0)160 90 22 37 90<\/a><\/p>\n<p>Website: www.drfouquesweiss.de<\/p>\n<h2>Zust\u00e4ndige Aufsichtsbeh\u00f6rden<\/h2>\n<p>Bezirks\u00e4rztekammer S\u00fcdbaden<br \/>Sundgauallee 27<br \/>79114 Freiburg<br \/>Telefon: 0761 \/600-470<br \/>Telefax: 0761 \/ 892868<br \/>www.bezirksaerztekammer-suedbaden.de<\/p>\n","protected":false},"excerpt":{"rendered":"<p>Website-Betreibern Dr. Nadine Fouques-Weiss Adresse: Hauptstra\u00dfe 58, 79104 Freiburg im Br., Deutschland +49 (0)151 23 04 73 26+49 (0)160 90 22 37 90 Website: www.drfouquesweiss.de Zust\u00e4ndige Aufsichtsbeh\u00f6rden Bezirks\u00e4rztekammer S\u00fcdbadenSundgauallee 2779114 FreiburgTelefon: 0761 \/600-470Telefax: 0761 \/ 892868www.bezirksaerztekammer-suedbaden.de<\/p>\n","protected":false},"author":3,"featured_media":0,"parent":0,"menu_order":0,"comment_status":"closed","ping_status":"closed","template":"","meta":{"footnotes":""},"translation":{"provider":"WPGlobus","version":"2.12.2","language":"fr","enabled_languages":["de","fr"],"languages":{"de":{"title":true,"content":true,"excerpt":false},"fr":{"title":true,"content":true,"excerpt":false}}},"_links":{"self":[{"href":"https:\/\/www.drfouquesweiss.de\/fr\/wp-json\/wp\/v2\/pages\/118"}],"collection":[{"href":"https:\/\/www.drfouquesweiss.de\/fr\/wp-json\/wp\/v2\/pages"}],"about":[{"href":"https:\/\/www.drfouquesweiss.de\/fr\/wp-json\/wp\/v2\/types\/page"}],"author":[{"embeddable":true,"href":"https:\/\/www.drfouquesweiss.de\/fr\/wp-json\/wp\/v2\/users\/3"}],"replies":[{"embeddable":true,"href":"https:\/\/www.drfouquesweiss.de\/fr\/wp-json\/wp\/v2\/comments?post=118"}],"version-history":[{"count":29,"href":"https:\/\/www.drfouquesweiss.de\/fr\/wp-json\/wp\/v2\/pages\/118\/revisions"}],"predecessor-version":[{"id":2482,"href":"https:\/\/www.drfouquesweiss.de\/fr\/wp-json\/wp\/v2\/pages\/118\/revisions\/2482"}],"wp:attachment":[{"href":"https:\/\/www.drfouquesweiss.de\/fr\/wp-json\/wp\/v2\/media?parent=118"}],"curies":[{"name":"wp","href":"https:\/\/api.w.org\/{rel}","templated":true}]}}