{"id":153,"date":"2020-11-23T14:49:49","date_gmt":"2020-11-23T13:49:49","guid":{"rendered":"https:\/\/www.drfouquesweiss.de\/?page_id=153"},"modified":"2024-07-01T10:15:11","modified_gmt":"2024-07-01T08:15:11","slug":"so-finden-sie-uns","status":"publish","type":"page","link":"https:\/\/www.drfouquesweiss.de\/fr\/so-finden-sie-uns\/","title":{"rendered":"Comment nous trouver"},"content":{"rendered":"<div class=\"BorlabsCookie _brlbs-cb-googlemaps\"><div class=\"_brlbs-content-blocker\"> <div class=\"_brlbs-embed _brlbs-google-maps\"> <img class=\"_brlbs-thumbnail\" src=\"https:\/\/www.drfouquesweiss.de\/wp-content\/plugins\/borlabs-cookie\/assets\/images\/cb-maps.png\" alt=\"Google Maps\"> <div class=\"_brlbs-caption\"> <p>Mit dem Laden der Karte akzeptieren Sie die Datenschutzerkl\u00e4rung von Google.<br><a href=\"https:\/\/policies.google.com\/privacy\" target=\"_blank\" rel=\"nofollow noopener noreferrer\">Mehr erfahren<\/a><\/p> <p><a class=\"_brlbs-btn\" href=\"#\" data-borlabs-cookie-unblock role=\"button\">Karte laden<\/a><\/p> <p><label><input type=\"checkbox\" name=\"unblockAll\" value=\"1\" checked> <small>Google Maps immer entsperren<\/small><\/label><\/p> <\/div> <\/div> <\/div><div class=\"borlabs-hide\" data-borlabs-cookie-type=\"content-blocker\" data-borlabs-cookie-id=\"googlemaps\"><script type=\"text\/template\">PHA+PGlmcmFtZSBzcmM9Imh0dHBzOi8vd3d3Lmdvb2dsZS5jb20vbWFwcy9lbWJlZD9wYj0hMW0xOCExbTEyITFtMyExZDI2NjkuMzYyMDU5ODQxNTcyITJkNy44NjA5Mzk5MTYyMDY0MDEhM2Q0OC4wMDY3MTQ1NjgyNDQ0OCEybTMhMWYwITJmMCEzZjAhM20yITFpMTAyNCEyaTc2OCE0ZjEzLjEhM20zITFtMiExczB4NDc5MTFjODkxYTQ4YjZmMyUzQTB4YzhmYjg2NzBiZGYyNWZlZCEyc0ZyYXUlMjBEci4lMjBtZWQuJTIwTmFkaW5lJTIwRm91cXVlcy1XZWklQzMlOUYhNWUwITNtMiExc2RlITJzZGUhNHYxNjEwMTA4NDIyMDYxITVtMiExc2RlITJzZGUiIHdpZHRoPSI2MDAiIGhlaWdodD0iNDUwIiBmcmFtZWJvcmRlcj0iMCIgc3R5bGU9ImJvcmRlcjowOyIgYWxsb3dmdWxsc2NyZWVuPSIiIGFyaWEtaGlkZGVuPSJmYWxzZSIgdGFiaW5kZXg9IjAiPjwvaWZyYW1lPg==<\/script><\/div><\/div>\t\t<\/p>\n<h1>Plan d\u00b4acc\u00e8s au cabinet<\/h1>\n<p>Dr. Nadine Fouques-Weiss<br \/>Neubergweg 2<br \/>79104 Freiburg<\/p>\n<p><a href=\"tel:+4915123047326\">+49 (0)151 23 04 73 26<\/a><br \/><a href=\"tel:+4916090223790\">+49 (0)160 90 22 37 90<\/a><\/p>\n<p><a href=\"mailto:info@drfouquesweiss.de\">info@drfouquesweiss.de<\/a><br \/><a href=\"https:\/\/www.drfouquesweiss.de\">www.drfouquesweiss.de<\/a><\/p>\n<p>Entr\u00e9e Neubergweg 2 au coin de la Sandstrasse \u00e0 400m de mon pr\u00e9c\u00e9dent cabinet<br \/><strong>Arr\u00eat\u00a0 Sandstrasse du bus 27<\/strong><\/p>\n<h2>Vous avez besoin d\u00b4un rendez-vous <\/h2>\n<p>Prise de RV t\u00e9l\u00e9phonique de pr\u00e9f\u00e9rence le matin aux heures ouvrables<br \/><strong><a href=\"tel:+4915123047326\">+49 (0)151 23 04 73 26<\/a><\/strong><br \/><strong><a href=\"tel:+4916090223790\">+49 (0)160 90 22 37 90<\/a><\/strong><\/p>\n<p>Si vous avez d\u00b4autres questions vous pouvez me contacter par mail:<br \/><a href=\"mailto:info@drfouquesweiss.de\"><strong>info@drfouquesweiss.de<\/strong><\/a><br \/>En cas de demande de RV par mail, le RV n\u00b4est valable que s\u00b4il est confirm\u00e9 par mail en retour.<\/p>\n<p><strong>Consultation priv\u00e9e<br \/>En g\u00e9n\u00e9ral les mercredis de 14h \u00e0 18 h<br \/>uniquement sur rendez-vous<br \/><\/strong><\/p>\n","protected":false},"excerpt":{"rendered":"<p>Mit dem Laden der Karte akzeptieren Sie die Datenschutzerkl\u00e4rung von Google.Mehr erfahren Karte laden Google Maps immer entsperren Plan d\u00b4acc\u00e8s au cabinet Dr. Nadine Fouques-WeissNeubergweg 279104 Freiburg +49 (0)151 23 04 73 26+49 (0)160 90 22 37 90 info@drfouquesweiss.dewww.drfouquesweiss.de Entr\u00e9e Neubergweg 2 au coin de la Sandstrasse \u00e0 400m de mon pr\u00e9c\u00e9dent cabinetArr\u00eat\u00a0 Sandstrasse du &hellip; <\/p>\n<p class=\"link-more\"><a href=\"https:\/\/www.drfouquesweiss.de\/fr\/so-finden-sie-uns\/\" class=\"more-link\">Continue reading<span class=\"screen-reader-text\"> &#8220;Comment nous trouver&#8221;<\/span><\/a><\/p>\n","protected":false},"author":3,"featured_media":0,"parent":0,"menu_order":0,"comment_status":"closed","ping_status":"closed","template":"","meta":{"footnotes":""},"translation":{"provider":"WPGlobus","version":"2.12.2","language":"fr","enabled_languages":["de","fr"],"languages":{"de":{"title":true,"content":true,"excerpt":false},"fr":{"title":true,"content":true,"excerpt":false}}},"_links":{"self":[{"href":"https:\/\/www.drfouquesweiss.de\/fr\/wp-json\/wp\/v2\/pages\/153"}],"collection":[{"href":"https:\/\/www.drfouquesweiss.de\/fr\/wp-json\/wp\/v2\/pages"}],"about":[{"href":"https:\/\/www.drfouquesweiss.de\/fr\/wp-json\/wp\/v2\/types\/page"}],"author":[{"embeddable":true,"href":"https:\/\/www.drfouquesweiss.de\/fr\/wp-json\/wp\/v2\/users\/3"}],"replies":[{"embeddable":true,"href":"https:\/\/www.drfouquesweiss.de\/fr\/wp-json\/wp\/v2\/comments?post=153"}],"version-history":[{"count":319,"href":"https:\/\/www.drfouquesweiss.de\/fr\/wp-json\/wp\/v2\/pages\/153\/revisions"}],"predecessor-version":[{"id":2542,"href":"https:\/\/www.drfouquesweiss.de\/fr\/wp-json\/wp\/v2\/pages\/153\/revisions\/2542"}],"wp:attachment":[{"href":"https:\/\/www.drfouquesweiss.de\/fr\/wp-json\/wp\/v2\/media?parent=153"}],"curies":[{"name":"wp","href":"https:\/\/api.w.org\/{rel}","templated":true}]}}