{"id":175,"date":"2020-11-23T14:54:30","date_gmt":"2020-11-23T13:54:30","guid":{"rendered":"https:\/\/www.drfouquesweiss.de\/?page_id=175"},"modified":"2024-07-01T10:16:05","modified_gmt":"2024-07-01T08:16:05","slug":"sprechstunden","status":"publish","type":"page","link":"https:\/\/www.drfouquesweiss.de\/fr\/sprechstunden\/","title":{"rendered":"Horaires de consultation\u200b"},"content":{"rendered":"<p><img fetchpriority=\"high\" decoding=\"async\" width=\"525\" height=\"350\" src=\"https:\/\/www.drfouquesweiss.de\/wp-content\/uploads\/2021\/01\/dr-fouques-weiss-allgemeinmedizin-sprechstunde.jpg\" alt=\"\" srcset=\"https:\/\/www.drfouquesweiss.de\/wp-content\/uploads\/2021\/01\/dr-fouques-weiss-allgemeinmedizin-sprechstunde.jpg 730w, https:\/\/www.drfouquesweiss.de\/wp-content\/uploads\/2021\/01\/dr-fouques-weiss-allgemeinmedizin-sprechstunde-300x200.jpg 300w\" sizes=\"100vw\" \/>\t\t\t\t\t\t\t\t\t\t\t\t\t<\/p>\n<h1>Consultation priv\u00e9e<\/h1>\n<h2>Prise de rendez-vous<\/h2>\n<p>Prise de RV t\u00e9l\u00e9phonique de pr\u00e9f\u00e9rence le matin aux heures ouvrables<br \/><a href=\"tel:+4915123047326\"><strong>+49 (0)151 23 04 73 26<\/strong><\/a><br \/><a href=\"tel:+4916090223790\"><strong>+49 (0)160 90 22 37 90<\/strong><\/a><\/p>\n<p>Si vous avez d\u00b4autres questions vous pouvez me contacter par mail:<br \/><a href=\"mailto:info@drfouquesweiss.de\"><strong>info@drfouquesweiss.de<\/strong><\/a><br \/>En cas de demande de RV par mail, le RV n\u00b4est valable que s\u00b4il est confirm\u00e9 par mail en retour.<\/p>\n<p><strong>Consultation priv\u00e9e<br \/>En g\u00e9n\u00e9ral les mercredis de 14h \u00e0 18 h<br \/>uniquement sur rendez-vous<br \/><\/strong><\/p>\n<p>Dr. Nadine Fouques-Weiss<br \/>Neubergweg 2<br \/>79104 Freiburg<\/p>\n","protected":false},"excerpt":{"rendered":"<p>Consultation priv\u00e9e Prise de rendez-vous Prise de RV t\u00e9l\u00e9phonique de pr\u00e9f\u00e9rence le matin aux heures ouvrables+49 (0)151 23 04 73 26+49 (0)160 90 22 37 90 Si vous avez d\u00b4autres questions vous pouvez me contacter par mail:info@drfouquesweiss.deEn cas de demande de RV par mail, le RV n\u00b4est valable que s\u00b4il est confirm\u00e9 par mail en &hellip; <\/p>\n<p class=\"link-more\"><a href=\"https:\/\/www.drfouquesweiss.de\/fr\/sprechstunden\/\" class=\"more-link\">Continue reading<span class=\"screen-reader-text\"> &#8220;Horaires de consultation\u200b&#8221;<\/span><\/a><\/p>\n","protected":false},"author":3,"featured_media":0,"parent":0,"menu_order":0,"comment_status":"closed","ping_status":"closed","template":"","meta":{"footnotes":""},"translation":{"provider":"WPGlobus","version":"2.12.2","language":"fr","enabled_languages":["de","fr"],"languages":{"de":{"title":true,"content":true,"excerpt":false},"fr":{"title":true,"content":true,"excerpt":false}}},"_links":{"self":[{"href":"https:\/\/www.drfouquesweiss.de\/fr\/wp-json\/wp\/v2\/pages\/175"}],"collection":[{"href":"https:\/\/www.drfouquesweiss.de\/fr\/wp-json\/wp\/v2\/pages"}],"about":[{"href":"https:\/\/www.drfouquesweiss.de\/fr\/wp-json\/wp\/v2\/types\/page"}],"author":[{"embeddable":true,"href":"https:\/\/www.drfouquesweiss.de\/fr\/wp-json\/wp\/v2\/users\/3"}],"replies":[{"embeddable":true,"href":"https:\/\/www.drfouquesweiss.de\/fr\/wp-json\/wp\/v2\/comments?post=175"}],"version-history":[{"count":353,"href":"https:\/\/www.drfouquesweiss.de\/fr\/wp-json\/wp\/v2\/pages\/175\/revisions"}],"predecessor-version":[{"id":2535,"href":"https:\/\/www.drfouquesweiss.de\/fr\/wp-json\/wp\/v2\/pages\/175\/revisions\/2535"}],"wp:attachment":[{"href":"https:\/\/www.drfouquesweiss.de\/fr\/wp-json\/wp\/v2\/media?parent=175"}],"curies":[{"name":"wp","href":"https:\/\/api.w.org\/{rel}","templated":true}]}}