{"id":34,"date":"2020-11-23T13:25:49","date_gmt":"2020-11-23T12:25:49","guid":{"rendered":"https:\/\/www.drfouquesweiss.de\/?page_id=34"},"modified":"2024-06-28T14:23:40","modified_gmt":"2024-06-28T12:23:40","slug":"akkreditierte-aerztin-der-generalkonsulate-und-der-franzoesischen-botschaft","status":"publish","type":"page","link":"https:\/\/www.drfouquesweiss.de\/fr\/akkreditierte-aerztin-der-generalkonsulate-und-der-franzoesischen-botschaft\/","title":{"rendered":"M\u00e9decin agr\u00e9\u00e9 des Consulats de Munich et Stuttgart et de l\u00b4Ambassade de France \u00e0 Berlin"},"content":{"rendered":"<p><img fetchpriority=\"high\" decoding=\"async\" width=\"525\" height=\"350\" src=\"https:\/\/www.drfouquesweiss.de\/wp-content\/uploads\/2021\/01\/dr-fouques-weiss-allgemeinmedizin-hausaerztin.jpg\" alt=\"\" srcset=\"https:\/\/www.drfouquesweiss.de\/wp-content\/uploads\/2021\/01\/dr-fouques-weiss-allgemeinmedizin-hausaerztin.jpg 750w, https:\/\/www.drfouquesweiss.de\/wp-content\/uploads\/2021\/01\/dr-fouques-weiss-allgemeinmedizin-hausaerztin-300x200.jpg 300w\" sizes=\"100vw\" \/>\t\t\t\t\t\t\t\t\t\t\t\t\t<\/p>\n<h1>M\u00e9decin accr\u00e9dit\u00e9 de l\u00b4Ambassade de France \u00e0 Berlin et des Consulats de Munich et Stuttgart<\/h1>\n<p>Expertises pour le Secr\u00e9tariat des Anciens Combattants et Victimes de guerre du Minist\u00e8re de la D\u00e9fense (victimes de guerre ou en OPEX)<\/p>\n<p>Examens en tant que m\u00e9decin agr\u00e9\u00e9 ( par ex. examens de Volontaires Internationaux en Entreprise\u2026)<\/p>\n<p>Prescription m\u00e9dicale sur formulaires sp\u00e9cifiques pour titulaires d\u00b4une pension militaire<\/p>\n<p>Examens ou expertises pour les autorit\u00e9s fran\u00e7aises.<\/p>\n","protected":false},"excerpt":{"rendered":"<p>M\u00e9decin accr\u00e9dit\u00e9 de l\u00b4Ambassade de France \u00e0 Berlin et des Consulats de Munich et Stuttgart Expertises pour le Secr\u00e9tariat des Anciens Combattants et Victimes de guerre du Minist\u00e8re de la D\u00e9fense (victimes de guerre ou en OPEX) Examens en tant que m\u00e9decin agr\u00e9\u00e9 ( par ex. examens de Volontaires Internationaux en Entreprise\u2026) Prescription m\u00e9dicale sur &hellip; <\/p>\n<p class=\"link-more\"><a href=\"https:\/\/www.drfouquesweiss.de\/fr\/akkreditierte-aerztin-der-generalkonsulate-und-der-franzoesischen-botschaft\/\" class=\"more-link\">Continue reading<span class=\"screen-reader-text\"> &#8220;M\u00e9decin agr\u00e9\u00e9 des Consulats de Munich et Stuttgart et de l\u00b4Ambassade de France \u00e0 Berlin&#8221;<\/span><\/a><\/p>\n","protected":false},"author":3,"featured_media":0,"parent":0,"menu_order":0,"comment_status":"closed","ping_status":"closed","template":"","meta":{"footnotes":""},"translation":{"provider":"WPGlobus","version":"2.12.2","language":"fr","enabled_languages":["de","fr"],"languages":{"de":{"title":true,"content":true,"excerpt":false},"fr":{"title":true,"content":true,"excerpt":false}}},"_links":{"self":[{"href":"https:\/\/www.drfouquesweiss.de\/fr\/wp-json\/wp\/v2\/pages\/34"}],"collection":[{"href":"https:\/\/www.drfouquesweiss.de\/fr\/wp-json\/wp\/v2\/pages"}],"about":[{"href":"https:\/\/www.drfouquesweiss.de\/fr\/wp-json\/wp\/v2\/types\/page"}],"author":[{"embeddable":true,"href":"https:\/\/www.drfouquesweiss.de\/fr\/wp-json\/wp\/v2\/users\/3"}],"replies":[{"embeddable":true,"href":"https:\/\/www.drfouquesweiss.de\/fr\/wp-json\/wp\/v2\/comments?post=34"}],"version-history":[{"count":72,"href":"https:\/\/www.drfouquesweiss.de\/fr\/wp-json\/wp\/v2\/pages\/34\/revisions"}],"predecessor-version":[{"id":2417,"href":"https:\/\/www.drfouquesweiss.de\/fr\/wp-json\/wp\/v2\/pages\/34\/revisions\/2417"}],"wp:attachment":[{"href":"https:\/\/www.drfouquesweiss.de\/fr\/wp-json\/wp\/v2\/media?parent=34"}],"curies":[{"name":"wp","href":"https:\/\/api.w.org\/{rel}","templated":true}]}}