{"id":770,"date":"2021-01-07T17:15:00","date_gmt":"2021-01-07T16:15:00","guid":{"rendered":"https:\/\/www.drfouquesweiss.de\/?page_id=770"},"modified":"2024-07-01T10:09:04","modified_gmt":"2024-07-01T08:09:04","slug":"leistungen-fuer-selbstzahler","status":"publish","type":"page","link":"https:\/\/www.drfouquesweiss.de\/fr\/leistungen-fuer-selbstzahler\/","title":{"rendered":"Prestations du cabinet"},"content":{"rendered":"<h1>Examens en tant que M\u00e9decin agr\u00e9\u00e9 et expert pr\u00e8s l\u00b4Ambassade<\/h1>\n<h2>Expertises pour l\u00b4Ambassade de France \u00e0 Berlin<br \/>\n<\/h2>\n<ul>\n<li>\n<p>Pensions militaires d\u00b4invalidit\u00e9 (V\u00e9t\u00e9rans, Opex\u2026), ordonnances sur carnet \u00e0 souche pour les titulaires d\u00b4une pension d\u00b4invalidit\u00e9<\/p>\n<\/li>\n<\/ul>\n<h2>Examens en tant que m\u00e9decin accr\u00e9dit\u00e9 de l\u00b4Ambassade de France et des Consulats<\/h2>\n<ul>\n<li>Attestations en fran\u00e7ais pour les administrations fran\u00e7aises<\/li>\n<li>Examens en d\u00e9but ou fin de V.I.E (Volontaires Internationaux en Entreprise)<\/li>\n<\/ul>\n<h1>Examens \u00e0 intervalles r\u00e9guliers ou \u00e0 la demande selon le risque personnel, Diagnostic et Traitements<br \/>\n<\/h1>\n<h2>Examens de pr\u00e9vention<\/h2>\n<ul>\n<li>Examens de pr\u00e9vention (hommes, femmes, enfants) y compris examens gyn\u00e9cologiques.<\/li>\n<li>Examen d\u00b4aptitude au sport<\/li>\n<\/ul>\n<h2>\u00c9chographie<\/h2>\n<ul>\n<li>\u00c9chographie<\/li>\n<li>ECG (\u00e9lectrcardiogramme), ECG d\u00b4effort, \u00c9chodoppler des vaisseaux (Carotides et Extr\u00e9mit\u00e9s)<\/li>\n<li>Examens\u00a0 de laboratoire de routine ou examens sanguins approfondis si n\u00e9cessaire<\/li>\n<\/ul>\n<h1>M\u00e9decine Manuelle Orthop\u00e9dique<\/h1>\n<ul>\n<li>Douleurs vert\u00e9brales, d\u00e9placements intervert\u00e9braux minimes douloureux (DIMD), torticolis, tendinites<\/li>\n<\/ul>\n<h1>Acupuncture<\/h1>\n<ul>\n<li>Migraine<\/li>\n<li>sevrage tabagique<\/li>\n<li>allergies (avant le d\u00e9but des sympt\u00f4mes saisonniers),<\/li>\n<li>dysm\u00e9norrh\u00e9es<\/li>\n<li>etc<\/li>\n<\/ul>\n<h1>M\u00e9decine des voyages, Centre agr\u00e9\u00e9 de Vaccination Fi\u00e8vre jaune (Vaccinating Center Baden-W\u00fcrttemberg)<\/h1>\n<ul>\n<li>avant un voyage sous les Tropiques<\/li>\n<li>avant un voyage dans des pays \u00e0 risques sp\u00e9cifiques<\/li>\n<li>avant un voyage en altitude<\/li>\n<li>examens sanguins approfondis si n\u00e9cessaire<\/li>\n<\/ul>\n<h2>Notre objectif: Vous donner les meilleures chances de rester en bonne sant\u00e9!<\/h2>\n","protected":false},"excerpt":{"rendered":"<p>Examens en tant que M\u00e9decin agr\u00e9\u00e9 et expert pr\u00e8s l\u00b4Ambassade Expertises pour l\u00b4Ambassade de France \u00e0 Berlin Pensions militaires d\u00b4invalidit\u00e9 (V\u00e9t\u00e9rans, Opex\u2026), ordonnances sur carnet \u00e0 souche pour les titulaires d\u00b4une pension d\u00b4invalidit\u00e9 Examens en tant que m\u00e9decin accr\u00e9dit\u00e9 de l\u00b4Ambassade de France et des Consulats Attestations en fran\u00e7ais pour les administrations fran\u00e7aises Examens en &hellip; <\/p>\n<p class=\"link-more\"><a href=\"https:\/\/www.drfouquesweiss.de\/fr\/leistungen-fuer-selbstzahler\/\" class=\"more-link\">Continue reading<span class=\"screen-reader-text\"> &#8220;Prestations du cabinet&#8221;<\/span><\/a><\/p>\n","protected":false},"author":3,"featured_media":0,"parent":0,"menu_order":0,"comment_status":"closed","ping_status":"closed","template":"","meta":{"footnotes":""},"translation":{"provider":"WPGlobus","version":"2.12.2","language":"fr","enabled_languages":["de","fr"],"languages":{"de":{"title":true,"content":true,"excerpt":false},"fr":{"title":true,"content":true,"excerpt":false}}},"_links":{"self":[{"href":"https:\/\/www.drfouquesweiss.de\/fr\/wp-json\/wp\/v2\/pages\/770"}],"collection":[{"href":"https:\/\/www.drfouquesweiss.de\/fr\/wp-json\/wp\/v2\/pages"}],"about":[{"href":"https:\/\/www.drfouquesweiss.de\/fr\/wp-json\/wp\/v2\/types\/page"}],"author":[{"embeddable":true,"href":"https:\/\/www.drfouquesweiss.de\/fr\/wp-json\/wp\/v2\/users\/3"}],"replies":[{"embeddable":true,"href":"https:\/\/www.drfouquesweiss.de\/fr\/wp-json\/wp\/v2\/comments?post=770"}],"version-history":[{"count":162,"href":"https:\/\/www.drfouquesweiss.de\/fr\/wp-json\/wp\/v2\/pages\/770\/revisions"}],"predecessor-version":[{"id":2517,"href":"https:\/\/www.drfouquesweiss.de\/fr\/wp-json\/wp\/v2\/pages\/770\/revisions\/2517"}],"wp:attachment":[{"href":"https:\/\/www.drfouquesweiss.de\/fr\/wp-json\/wp\/v2\/media?parent=770"}],"curies":[{"name":"wp","href":"https:\/\/api.w.org\/{rel}","templated":true}]}}